{"id":38,"date":"2018-09-27T10:22:10","date_gmt":"2018-09-27T10:22:10","guid":{"rendered":"http:\/\/pillepalle-online.de\/?page_id=38"},"modified":"2025-12-29T21:35:44","modified_gmt":"2025-12-29T21:35:44","slug":"kontakt","status":"publish","type":"page","link":"https:\/\/pillepalle-online.de\/?page_id=38","title":{"rendered":"Kontakt"},"content":{"rendered":"<hr \/>\n<p><!--STANDARD--><\/p>\n<p><!--\n\n\n<p style=\"text-align: center;\"><span style=\"color: #8dc641;\"><strong>Unsere \u00d6ffnungszeiten<\/strong><\/span><\/p>\n\n\n\n\n<p style=\"text-align: center;\">Mo-Fr 9.00 Uhr - 12.00 Uhr 15.00 Uhr - 18.00 Uhr<\/p>\n\n\n\n\n<p style=\"text-align: center;\">Mi Nachmittag geschlossen<\/p>\n\n\n\n\n<p style=\"text-align: center;\">Samstag 10.00 Uhr bis 13.00 Uhr<\/p>\n\n\n--><!--\n\n\n<p style=\"text-align: center;\"><span style=\"color: red;\">Ge\u00e4nderte \u00d6ffnungszeiten w\u00e4hrend der Ferien vom 07. Juli 2025 - 17. August 2025.<\/span><\/p>\n\n\n\n\n<p style=\"text-align: center;\"><span style=\"color: red;\">Von Montag bis Freitag von 09:00 bis 12:00 Uhr<\/span><\/p>\n\n\n\n--><\/p>\n<p style=\"text-align: center;\">Tel.: 06104\/ 4069869<\/p>\n<p style=\"text-align: center;\">Email: <a href=\"mailto:mail@pillepalle-online.de\">mail@pillepalle-online.de<\/a><\/p>\n","protected":false},"excerpt":{"rendered":"<p>Tel.: 06104\/ 4069869 Email: mail@pillepalle-online.de<\/p>\n","protected":false},"author":1,"featured_media":0,"parent":0,"menu_order":0,"comment_status":"closed","ping_status":"closed","template":"","meta":{"footnotes":""},"class_list":["post-38","page","type-page","status-publish","hentry"],"_links":{"self":[{"href":"https:\/\/pillepalle-online.de\/index.php?rest_route=\/wp\/v2\/pages\/38","targetHints":{"allow":["GET"]}}],"collection":[{"href":"https:\/\/pillepalle-online.de\/index.php?rest_route=\/wp\/v2\/pages"}],"about":[{"href":"https:\/\/pillepalle-online.de\/index.php?rest_route=\/wp\/v2\/types\/page"}],"author":[{"embeddable":true,"href":"https:\/\/pillepalle-online.de\/index.php?rest_route=\/wp\/v2\/users\/1"}],"replies":[{"embeddable":true,"href":"https:\/\/pillepalle-online.de\/index.php?rest_route=%2Fwp%2Fv2%2Fcomments&post=38"}],"version-history":[{"count":51,"href":"https:\/\/pillepalle-online.de\/index.php?rest_route=\/wp\/v2\/pages\/38\/revisions"}],"predecessor-version":[{"id":721,"href":"https:\/\/pillepalle-online.de\/index.php?rest_route=\/wp\/v2\/pages\/38\/revisions\/721"}],"wp:attachment":[{"href":"https:\/\/pillepalle-online.de\/index.php?rest_route=%2Fwp%2Fv2%2Fmedia&parent=38"}],"curies":[{"name":"wp","href":"https:\/\/api.w.org\/{rel}","templated":true}]}}