{"id":341,"date":"2018-10-01T11:47:00","date_gmt":"2018-10-01T11:47:00","guid":{"rendered":"http:\/\/pillepalle-online.de\/?page_id=341"},"modified":"2020-02-15T11:59:22","modified_gmt":"2020-02-15T11:59:22","slug":"warenannahme","status":"publish","type":"page","link":"https:\/\/pillepalle-online.de\/?page_id=341","title":{"rendered":"AGB&#8217;s"},"content":{"rendered":"<hr \/>\n<div style=\"text-align: center;\">\n<p>Bitte bringen Sie uns nur gewaschene und fleckfreie Ware. <br \/>\nWir behalten uns vor, Artikel zu reduzieren, <br \/>\nan denen nachtr\u00e4glich Defekte oder Verunreinigungen <br \/>\nfestgestellt wurden.<\/p>\n<p>Zum Saison-Schlussverkauf sowie bei <br \/>\nSonderverkaufsaktionen wird die Ware um 20% <br \/>\nreduziert. Vom erzielten Verkaufspreis <br \/>\nerhalten Sie 45%.<\/p>\n<p>\nAm Ende der Saison melden wir uns bei Ihnen, damit Sie die restliche Ware abholen k\u00f6nnen. Holen Sie diese nicht innerhalb einer Frist von 4 Wochen ab, stiften wir sie einer gemeinn\u00fctzigen Organisation.<\/p>\n<p>F\u00fcr Besch\u00e4digungen, Verlust durch Diebstahl oder h\u00f6here Gewalt \u00fcbernehmen wir keine Haftung.<\/p>\n<\/div>\n","protected":false},"excerpt":{"rendered":"<p>Bitte bringen Sie uns nur gewaschene und fleckfreie Ware. Wir behalten uns vor, Artikel zu reduzieren, an denen nachtr\u00e4glich Defekte oder Verunreinigungen festgestellt wurden. Zum Saison-Schlussverkauf sowie bei Sonderverkaufsaktionen wird die Ware um 20% reduziert. Vom erzielten Verkaufspreis erhalten Sie 45%. Am Ende der Saison melden wir uns bei Ihnen, damit Sie die restliche Ware abholen k\u00f6nnen. Holen Sie diese nicht innerhalb einer Frist von 4 Wochen ab, stiften wir sie einer gemeinn\u00fctzigen Organisation. F\u00fcr Besch\u00e4digungen, Verlust durch Diebstahl oder [&hellip;]<\/p>\n","protected":false},"author":1,"featured_media":0,"parent":0,"menu_order":0,"comment_status":"closed","ping_status":"closed","template":"","meta":{"footnotes":""},"class_list":["post-341","page","type-page","status-publish","hentry"],"_links":{"self":[{"href":"https:\/\/pillepalle-online.de\/index.php?rest_route=\/wp\/v2\/pages\/341","targetHints":{"allow":["GET"]}}],"collection":[{"href":"https:\/\/pillepalle-online.de\/index.php?rest_route=\/wp\/v2\/pages"}],"about":[{"href":"https:\/\/pillepalle-online.de\/index.php?rest_route=\/wp\/v2\/types\/page"}],"author":[{"embeddable":true,"href":"https:\/\/pillepalle-online.de\/index.php?rest_route=\/wp\/v2\/users\/1"}],"replies":[{"embeddable":true,"href":"https:\/\/pillepalle-online.de\/index.php?rest_route=%2Fwp%2Fv2%2Fcomments&post=341"}],"version-history":[{"count":14,"href":"https:\/\/pillepalle-online.de\/index.php?rest_route=\/wp\/v2\/pages\/341\/revisions"}],"predecessor-version":[{"id":553,"href":"https:\/\/pillepalle-online.de\/index.php?rest_route=\/wp\/v2\/pages\/341\/revisions\/553"}],"wp:attachment":[{"href":"https:\/\/pillepalle-online.de\/index.php?rest_route=%2Fwp%2Fv2%2Fmedia&parent=341"}],"curies":[{"name":"wp","href":"https:\/\/api.w.org\/{rel}","templated":true}]}}