{"id":260,"date":"2018-10-01T08:25:20","date_gmt":"2018-10-01T08:25:20","guid":{"rendered":"http:\/\/pillepalle-online.de\/?page_id=260"},"modified":"2018-10-26T07:24:17","modified_gmt":"2018-10-26T07:24:17","slug":"260-2","status":"publish","type":"page","link":"https:\/\/pillepalle-online.de\/?page_id=260","title":{"rendered":"\u00dcber uns"},"content":{"rendered":"<div style=\"text-align: center;\">\n<hr \/>\n<p><img loading=\"lazy\" decoding=\"async\" class=\"alignnone size-large wp-image-424\" src=\"http:\/\/pillepalle-online.de\/wp-content\/uploads\/2018\/10\/201_2846-1024x760.jpg\" alt=\"\" width=\"660\" height=\"490\" srcset=\"https:\/\/pillepalle-online.de\/wp-content\/uploads\/2018\/10\/201_2846-1024x760.jpg 1024w, https:\/\/pillepalle-online.de\/wp-content\/uploads\/2018\/10\/201_2846-300x223.jpg 300w, https:\/\/pillepalle-online.de\/wp-content\/uploads\/2018\/10\/201_2846-768x570.jpg 768w\" sizes=\"auto, (max-width: 660px) 100vw, 660px\" \/><\/p>\n<hr \/>\n<p>Seit August 2010 haben wir uns als M\u00fctter von insgesamt f\u00fcnf Kindern zum Ziel gesetzt, unseren Kunden h\u00fcbsche, gut erhaltene und modische Kinderartikel Ressourcen schonend in Heusenstamm zum Verkauf anzubieten. Dabei m\u00f6chten wir Ihnen die M\u00f6glichkeit geben, in angenehmer Atmosph\u00e4re zu st\u00f6bern und Artikel vieler unterschiedlicher Marken zu einem fairen Preis zu erwerben.<\/p>\n<\/div>\n<hr \/>\n<p style=\"text-align: center;\"><strong><span style=\"color: #8dc641;\">Aber warum \u00fcberhaupt Second Hand?<\/span><\/strong><\/p>\n<p style=\"text-align: center;\">Unsere Kinder wachsen so schnell aus ihren Kleidungsst\u00fccken heraus, sodass sie nur sehr wenig abgetragen werden.<\/p>\n<p style=\"text-align: center;\">Durch das mehrfache waschen sind auch alle Schadstoffe bereits herausgewaschen.<\/p>\n<p style=\"text-align: center;\">Und Schn\u00e4ppchenj\u00e4ger k\u00f6nnen preisg\u00fcnstige Markenware bei uns finden.<\/p>\n","protected":false},"excerpt":{"rendered":"<p>Seit August 2010 haben wir uns als M\u00fctter von insgesamt f\u00fcnf Kindern zum Ziel gesetzt, unseren Kunden h\u00fcbsche, gut erhaltene und modische Kinderartikel Ressourcen schonend in Heusenstamm zum Verkauf anzubieten. Dabei m\u00f6chten wir Ihnen die M\u00f6glichkeit geben, in angenehmer Atmosph\u00e4re zu st\u00f6bern und Artikel vieler unterschiedlicher Marken zu einem fairen Preis zu erwerben. Aber warum \u00fcberhaupt Second Hand? Unsere Kinder wachsen so schnell aus ihren Kleidungsst\u00fccken heraus, sodass sie nur sehr wenig abgetragen werden. Durch das mehrfache waschen sind auch [&hellip;]<\/p>\n","protected":false},"author":1,"featured_media":0,"parent":0,"menu_order":0,"comment_status":"closed","ping_status":"closed","template":"","meta":{"footnotes":""},"class_list":["post-260","page","type-page","status-publish","hentry"],"_links":{"self":[{"href":"https:\/\/pillepalle-online.de\/index.php?rest_route=\/wp\/v2\/pages\/260","targetHints":{"allow":["GET"]}}],"collection":[{"href":"https:\/\/pillepalle-online.de\/index.php?rest_route=\/wp\/v2\/pages"}],"about":[{"href":"https:\/\/pillepalle-online.de\/index.php?rest_route=\/wp\/v2\/types\/page"}],"author":[{"embeddable":true,"href":"https:\/\/pillepalle-online.de\/index.php?rest_route=\/wp\/v2\/users\/1"}],"replies":[{"embeddable":true,"href":"https:\/\/pillepalle-online.de\/index.php?rest_route=%2Fwp%2Fv2%2Fcomments&post=260"}],"version-history":[{"count":18,"href":"https:\/\/pillepalle-online.de\/index.php?rest_route=\/wp\/v2\/pages\/260\/revisions"}],"predecessor-version":[{"id":482,"href":"https:\/\/pillepalle-online.de\/index.php?rest_route=\/wp\/v2\/pages\/260\/revisions\/482"}],"wp:attachment":[{"href":"https:\/\/pillepalle-online.de\/index.php?rest_route=%2Fwp%2Fv2%2Fmedia&parent=260"}],"curies":[{"name":"wp","href":"https:\/\/api.w.org\/{rel}","templated":true}]}}